{"id":11,"date":"2025-11-27T14:41:16","date_gmt":"2025-11-27T13:41:16","guid":{"rendered":"https:\/\/www.cjvt.si\/terminus\/?page_id=11"},"modified":"2026-04-16T10:51:55","modified_gmt":"2026-04-16T09:51:55","slug":"o-projektu","status":"publish","type":"page","link":"https:\/\/www.cjvt.si\/terminus\/","title":{"rendered":"Domov"},"content":{"rendered":"<div class=\"flex_column av_one_full  flex_column_div av-zero-column-padding first  avia-builder-el-0  el_before_av_textblock  avia-builder-el-first  \" style='border-radius:0px; '><div  class='avia-image-container  av-styling-    avia-builder-el-1  avia-builder-el-no-sibling  avia-align-center '  itemprop=\"image\" itemscope=\"itemscope\" itemtype=\"https:\/\/schema.org\/ImageObject\"  ><div class='avia-image-container-inner'><div class='avia-image-overlay-wrap'><img class='avia_image' src='https:\/\/www.cjvt.si\/terminus\/wp-content\/uploads\/sites\/41\/2026\/04\/Terminus_banner-1030x241.png' alt='' title='Terminus_banner' height=\"241\" width=\"1030\"  itemprop=\"thumbnailUrl\"  \/><\/div><\/div><\/div><\/div><section class=\"av_textblock_section \"  itemscope=\"itemscope\" itemtype=\"https:\/\/schema.org\/CreativeWork\" ><div class='avia_textblock  '   itemprop=\"text\" ><p>Dobrodo\u0161li na spletni strani projekta Terminus, ki ga med letoma 2025 in 2028 v okviru razvojnega stebra financiranja z ukrepom &#8220;Izbolj\u0161anje dostopnosti slovenske znanstvene in strokovne terminologije s ciljno usmerjeno tehnolo\u0161ko podprto kampanjo in vklju\u010devanjem v \u0161tudijski proces&#8221; financira Univerza v Ljubljani.<\/p>\n<p>Stran je v izgradnji.<\/p>\n<p>.<\/p>\n<\/div><\/section><\/p>\n","protected":false},"excerpt":{"rendered":"","protected":false},"author":24,"featured_media":0,"parent":0,"menu_order":0,"comment_status":"closed","ping_status":"closed","template":"","meta":{"_acf_changed":false,"_relevanssi_hide_post":"","_relevanssi_hide_content":"","_relevanssi_pin_for_all":"","_relevanssi_pin_keywords":"","_relevanssi_unpin_keywords":"","_relevanssi_related_keywords":"","_relevanssi_related_include_ids":"","_relevanssi_related_exclude_ids":"","_relevanssi_related_no_append":"","_relevanssi_related_not_related":"","_relevanssi_related_posts":"","_relevanssi_noindex_reason":"","inline_featured_image":false,"episode_type":"","audio_file":"","podmotor_file_id":"","podmotor_episode_id":"","cover_image":"","cover_image_id":"","duration":"","filesize":"","filesize_raw":"","date_recorded":"","explicit":"","block":"","itunes_episode_number":"","itunes_title":"","itunes_season_number":"","itunes_episode_type":"","footnotes":""},"class_list":["post-11","page","type-page","status-publish","hentry"],"acf":[],"yoast_head":"<!-- This site is optimized with the Yoast SEO plugin v27.3 - https:\/\/yoast.com\/product\/yoast-seo-wordpress\/ -->\n<title>Domov - Terminus<\/title>\n<meta name=\"robots\" content=\"index, follow, max-snippet:-1, max-image-preview:large, max-video-preview:-1\" \/>\n<link rel=\"canonical\" href=\"https:\/\/www.cjvt.si\/terminus\/\" \/>\n<meta property=\"og:locale\" content=\"sl_SI\" \/>\n<meta property=\"og:type\" content=\"article\" \/>\n<meta property=\"og:title\" content=\"Domov - Terminus\" \/>\n<meta property=\"og:url\" content=\"https:\/\/www.cjvt.si\/terminus\/\" \/>\n<meta property=\"og:site_name\" content=\"Terminus\" \/>\n<meta property=\"article:modified_time\" content=\"2026-04-16T09:51:55+00:00\" \/>\n<meta name=\"twitter:card\" content=\"summary_large_image\" \/>\n<meta name=\"twitter:label1\" content=\"Est. reading time\" \/>\n\t<meta name=\"twitter:data1\" content=\"1 minuta\" \/>\n<script type=\"application\/ld+json\" class=\"yoast-schema-graph\">{\"@context\":\"https:\\\/\\\/schema.org\",\"@graph\":[{\"@type\":\"WebPage\",\"@id\":\"https:\\\/\\\/www.cjvt.si\\\/terminus\\\/\",\"url\":\"https:\\\/\\\/www.cjvt.si\\\/terminus\\\/\",\"name\":\"Domov - Terminus\",\"isPartOf\":{\"@id\":\"https:\\\/\\\/www.cjvt.si\\\/terminus\\\/#website\"},\"datePublished\":\"2025-11-27T13:41:16+00:00\",\"dateModified\":\"2026-04-16T09:51:55+00:00\",\"breadcrumb\":{\"@id\":\"https:\\\/\\\/www.cjvt.si\\\/terminus\\\/#breadcrumb\"},\"inLanguage\":\"sl-SI\",\"potentialAction\":[{\"@type\":\"ReadAction\",\"target\":[\"https:\\\/\\\/www.cjvt.si\\\/terminus\\\/\"]}]},{\"@type\":\"BreadcrumbList\",\"@id\":\"https:\\\/\\\/www.cjvt.si\\\/terminus\\\/#breadcrumb\",\"itemListElement\":[{\"@type\":\"ListItem\",\"position\":1,\"name\":\"Home\",\"item\":\"https:\\\/\\\/www.cjvt.si\\\/terminus\\\/\"},{\"@type\":\"ListItem\",\"position\":2,\"name\":\"Domov\"}]},{\"@type\":\"WebSite\",\"@id\":\"https:\\\/\\\/www.cjvt.si\\\/terminus\\\/#website\",\"url\":\"https:\\\/\\\/www.cjvt.si\\\/terminus\\\/\",\"name\":\"Terminus\",\"description\":\"\",\"potentialAction\":[{\"@type\":\"SearchAction\",\"target\":{\"@type\":\"EntryPoint\",\"urlTemplate\":\"https:\\\/\\\/www.cjvt.si\\\/terminus\\\/?s={search_term_string}\"},\"query-input\":{\"@type\":\"PropertyValueSpecification\",\"valueRequired\":true,\"valueName\":\"search_term_string\"}}],\"inLanguage\":\"sl-SI\"}]}<\/script>\n<!-- \/ Yoast SEO plugin. -->","yoast_head_json":{"title":"Domov - Terminus","robots":{"index":"index","follow":"follow","max-snippet":"max-snippet:-1","max-image-preview":"max-image-preview:large","max-video-preview":"max-video-preview:-1"},"canonical":"https:\/\/www.cjvt.si\/terminus\/","og_locale":"sl_SI","og_type":"article","og_title":"Domov - Terminus","og_url":"https:\/\/www.cjvt.si\/terminus\/","og_site_name":"Terminus","article_modified_time":"2026-04-16T09:51:55+00:00","twitter_card":"summary_large_image","twitter_misc":{"Est. reading time":"1 minuta"},"schema":{"@context":"https:\/\/schema.org","@graph":[{"@type":"WebPage","@id":"https:\/\/www.cjvt.si\/terminus\/","url":"https:\/\/www.cjvt.si\/terminus\/","name":"Domov - Terminus","isPartOf":{"@id":"https:\/\/www.cjvt.si\/terminus\/#website"},"datePublished":"2025-11-27T13:41:16+00:00","dateModified":"2026-04-16T09:51:55+00:00","breadcrumb":{"@id":"https:\/\/www.cjvt.si\/terminus\/#breadcrumb"},"inLanguage":"sl-SI","potentialAction":[{"@type":"ReadAction","target":["https:\/\/www.cjvt.si\/terminus\/"]}]},{"@type":"BreadcrumbList","@id":"https:\/\/www.cjvt.si\/terminus\/#breadcrumb","itemListElement":[{"@type":"ListItem","position":1,"name":"Home","item":"https:\/\/www.cjvt.si\/terminus\/"},{"@type":"ListItem","position":2,"name":"Domov"}]},{"@type":"WebSite","@id":"https:\/\/www.cjvt.si\/terminus\/#website","url":"https:\/\/www.cjvt.si\/terminus\/","name":"Terminus","description":"","potentialAction":[{"@type":"SearchAction","target":{"@type":"EntryPoint","urlTemplate":"https:\/\/www.cjvt.si\/terminus\/?s={search_term_string}"},"query-input":{"@type":"PropertyValueSpecification","valueRequired":true,"valueName":"search_term_string"}}],"inLanguage":"sl-SI"}]}},"_links":{"self":[{"href":"https:\/\/www.cjvt.si\/terminus\/wp-json\/wp\/v2\/pages\/11","targetHints":{"allow":["GET"]}}],"collection":[{"href":"https:\/\/www.cjvt.si\/terminus\/wp-json\/wp\/v2\/pages"}],"about":[{"href":"https:\/\/www.cjvt.si\/terminus\/wp-json\/wp\/v2\/types\/page"}],"author":[{"embeddable":true,"href":"https:\/\/www.cjvt.si\/terminus\/wp-json\/wp\/v2\/users\/24"}],"replies":[{"embeddable":true,"href":"https:\/\/www.cjvt.si\/terminus\/wp-json\/wp\/v2\/comments?post=11"}],"version-history":[{"count":6,"href":"https:\/\/www.cjvt.si\/terminus\/wp-json\/wp\/v2\/pages\/11\/revisions"}],"predecessor-version":[{"id":144,"href":"https:\/\/www.cjvt.si\/terminus\/wp-json\/wp\/v2\/pages\/11\/revisions\/144"}],"wp:attachment":[{"href":"https:\/\/www.cjvt.si\/terminus\/wp-json\/wp\/v2\/media?parent=11"}],"curies":[{"name":"wp","href":"https:\/\/api.w.org\/{rel}","templated":true}]}}